{"id":158,"date":"2023-04-12T16:25:39","date_gmt":"2023-04-12T16:25:39","guid":{"rendered":"https:\/\/magicoduarte.com\/?page_id=158"},"modified":"2026-04-22T10:40:17","modified_gmt":"2026-04-22T10:40:17","slug":"peca-o-seu-oramento","status":"publish","type":"page","link":"http:\/\/magicoduarte.com\/orcamento\/","title":{"rendered":"Pe\u00e7a o Seu Oramento"},"content":{"rendered":"\t\t<div data-elementor-type=\"wp-page\" data-elementor-id=\"158\" class=\"elementor elementor-158\">\n\t\t\t\t\t\t<section class=\"elementor-section elementor-top-section elementor-element elementor-element-d437f02 elementor-section-height-full elementor-section-boxed elementor-section-height-default elementor-section-items-middle\" data-id=\"d437f02\" data-element_type=\"section\" data-e-type=\"section\" data-settings=\"{&quot;background_background&quot;:&quot;classic&quot;}\">\n\t\t\t\t\t\t<div class=\"elementor-container elementor-column-gap-default\">\n\t\t\t\t\t<div class=\"elementor-column elementor-col-100 elementor-top-column elementor-element elementor-element-3cce593\" data-id=\"3cce593\" data-element_type=\"column\" data-e-type=\"column\" data-settings=\"{&quot;background_background&quot;:&quot;classic&quot;}\">\n\t\t\t<div class=\"elementor-widget-wrap elementor-element-populated\">\n\t\t\t\t\t\t<section class=\"elementor-section elementor-inner-section elementor-element elementor-element-f787690 elementor-section-full_width elementor-section-height-default elementor-section-height-default\" data-id=\"f787690\" data-element_type=\"section\" data-e-type=\"section\">\n\t\t\t\t\t\t<div class=\"elementor-container elementor-column-gap-narrow\">\n\t\t\t\t\t<div class=\"elementor-column elementor-col-100 elementor-inner-column elementor-element elementor-element-0370e70\" data-id=\"0370e70\" data-element_type=\"column\" data-e-type=\"column\">\n\t\t\t<div class=\"elementor-widget-wrap elementor-element-populated\">\n\t\t\t\t\t\t<div class=\"elementor-element elementor-element-7591058 elementor-widget__width-initial elementor-widget elementor-widget-image\" data-id=\"7591058\" data-element_type=\"widget\" data-e-type=\"widget\" data-widget_type=\"image.default\">\n\t\t\t\t<div class=\"elementor-widget-container\">\n\t\t\t\t\t\t\t\t\t\t\t\t\t\t\t<img fetchpriority=\"high\" decoding=\"async\" width=\"300\" height=\"267\" src=\"http:\/\/magicoduarte.com\/wp-content\/uploads\/2024\/10\/11-300x267.webp\" class=\"attachment-medium size-medium wp-image-882\" alt=\"\" srcset=\"http:\/\/magicoduarte.com\/wp-content\/uploads\/2024\/10\/11-300x267.webp 300w, http:\/\/magicoduarte.com\/wp-content\/uploads\/2024\/10\/11.webp 745w\" sizes=\"(max-width: 300px) 100vw, 300px\" \/>\t\t\t\t\t\t\t\t\t\t\t\t\t\t\t<\/div>\n\t\t\t\t<\/div>\n\t\t\t\t\t<\/div>\n\t\t<\/div>\n\t\t\t\t\t<\/div>\n\t\t<\/section>\n\t\t\t\t<section class=\"elementor-section elementor-inner-section elementor-element elementor-element-1161f4c elementor-section-full_width elementor-section-height-default elementor-section-height-default\" data-id=\"1161f4c\" data-element_type=\"section\" data-e-type=\"section\">\n\t\t\t\t\t\t<div class=\"elementor-container elementor-column-gap-narrow\">\n\t\t\t\t\t<div class=\"elementor-column elementor-col-50 elementor-inner-column elementor-element elementor-element-b96ecba\" data-id=\"b96ecba\" data-element_type=\"column\" data-e-type=\"column\">\n\t\t\t<div class=\"elementor-widget-wrap elementor-element-populated\">\n\t\t\t\t\t\t<div class=\"elementor-element elementor-element-3b17572 elementor-widget-mobile__width-initial elementor-widget elementor-widget-image\" data-id=\"3b17572\" data-element_type=\"widget\" data-e-type=\"widget\" data-widget_type=\"image.default\">\n\t\t\t\t<div class=\"elementor-widget-container\">\n\t\t\t\t\t\t\t\t\t\t\t\t\t\t\t<img decoding=\"async\" width=\"94\" height=\"20\" src=\"http:\/\/magicoduarte.com\/wp-content\/uploads\/2024\/10\/Frame-27925.png\" class=\"attachment-large size-large wp-image-596\" alt=\"\" \/>\t\t\t\t\t\t\t\t\t\t\t\t\t\t\t<\/div>\n\t\t\t\t<\/div>\n\t\t\t\t\t<\/div>\n\t\t<\/div>\n\t\t\t\t<div class=\"elementor-column elementor-col-50 elementor-inner-column elementor-element elementor-element-50fbf9d\" data-id=\"50fbf9d\" data-element_type=\"column\" data-e-type=\"column\">\n\t\t\t<div class=\"elementor-widget-wrap elementor-element-populated\">\n\t\t\t\t\t\t<div class=\"elementor-element elementor-element-734cf01 elementor-widget elementor-widget-text-editor\" data-id=\"734cf01\" data-element_type=\"widget\" data-e-type=\"widget\" data-widget_type=\"text-editor.default\">\n\t\t\t\t<div class=\"elementor-widget-container\">\n\t\t\t\t\t\t\t\t\t<p>+30 mil crian\u00e7as j\u00e1 viram os espet\u00e1culos do M\u00e1gico Duarte<\/p>\t\t\t\t\t\t\t\t<\/div>\n\t\t\t\t<\/div>\n\t\t\t\t\t<\/div>\n\t\t<\/div>\n\t\t\t\t\t<\/div>\n\t\t<\/section>\n\t\t\t\t<div class=\"elementor-element elementor-element-a44ea04 elementor-widget elementor-widget-text-editor\" data-id=\"a44ea04\" data-element_type=\"widget\" data-e-type=\"widget\" data-widget_type=\"text-editor.default\">\n\t\t\t\t<div class=\"elementor-widget-container\">\n\t\t\t\t\t\t\t\t\t<p>Pe\u00e7a um Or\u00e7amento<\/p>\t\t\t\t\t\t\t\t<\/div>\n\t\t\t\t<\/div>\n\t\t\t\t<div class=\"elementor-element elementor-element-c5a2261 elementor-widget elementor-widget-text-editor\" data-id=\"c5a2261\" data-element_type=\"widget\" data-e-type=\"widget\" data-widget_type=\"text-editor.default\">\n\t\t\t\t<div class=\"elementor-widget-container\">\n\t\t\t\t\t\t\t\t\t<p>O espetaculo de magia do <strong>M\u00e1gico Duarte<\/strong> far\u00e1 a sua festa inesquecivel.<\/p>\t\t\t\t\t\t\t\t<\/div>\n\t\t\t\t<\/div>\n\t\t\t\t<div class=\"elementor-element elementor-element-59e5c35 premium-cf7-button-fwidth-yes elementor-widget elementor-widget-premium-contact-form\" data-id=\"59e5c35\" data-element_type=\"widget\" data-e-type=\"widget\" data-widget_type=\"premium-contact-form.default\">\n\t\t\t\t<div class=\"elementor-widget-container\">\n\t\t\t\t\t\n\t\t\t\n\t\t\t<div class=\"premium-cf7-container\" data-settings=\"{&quot;fields_glass&quot;:&quot;none&quot;,&quot;submit_glass&quot;:&quot;none&quot;}\">\n\t\t\t\t\n<div class=\"wpcf7 no-js\" id=\"wpcf7-f1311-o1\" lang=\"pt-PT\" dir=\"ltr\" data-wpcf7-id=\"1311\">\n<div class=\"screen-reader-response\"><p role=\"status\" aria-live=\"polite\" aria-atomic=\"true\"><\/p> <ul><\/ul><\/div>\n<form action=\"\/index.php\/wp-json\/wp\/v2\/pages\/158#wpcf7-f1311-o1\" method=\"post\" class=\"wpcf7-form init\" aria-label=\"Formul\u00e1rio de contacto\" novalidate=\"novalidate\" data-status=\"init\">\n<fieldset class=\"hidden-fields-container\"><input type=\"hidden\" name=\"_wpcf7\" value=\"1311\" \/><input type=\"hidden\" name=\"_wpcf7_version\" value=\"6.1.5\" \/><input type=\"hidden\" name=\"_wpcf7_locale\" value=\"pt_PT\" \/><input type=\"hidden\" name=\"_wpcf7_unit_tag\" value=\"wpcf7-f1311-o1\" \/><input type=\"hidden\" name=\"_wpcf7_container_post\" value=\"0\" \/><input type=\"hidden\" name=\"_wpcf7_posted_data_hash\" value=\"\" \/>\n<\/fieldset>\n<p><label>Nome<br \/>\n<span class=\"wpcf7-form-control-wrap\" data-name=\"your-name\"><input size=\"40\" maxlength=\"400\" class=\"wpcf7-form-control wpcf7-text wpcf7-validates-as-required\" aria-required=\"true\" aria-invalid=\"false\" placeholder=\"Primeiro e \u00daltimo\" value=\"\" type=\"text\" name=\"your-name\" \/><\/span><\/label>\n<\/p>\n<p><label>E-mail para envio do or\u00e7amento<br \/>\n<span class=\"wpcf7-form-control-wrap\" data-name=\"your-email\"><input size=\"40\" maxlength=\"400\" class=\"wpcf7-form-control wpcf7-email wpcf7-validates-as-required wpcf7-text wpcf7-validates-as-email\" aria-required=\"true\" aria-invalid=\"false\" placeholder=\"oseuemail@email.com\" value=\"\" type=\"email\" name=\"your-email\" \/><\/span><\/label>\n<\/p>\n<p><label>Tipo de Festa<br \/>\n<span class=\"wpcf7-form-control-wrap\" data-name=\"TipoFesta\"><input size=\"40\" maxlength=\"400\" class=\"wpcf7-form-control wpcf7-text wpcf7-validates-as-required\" aria-required=\"true\" aria-invalid=\"false\" placeholder=\"Ex: Festa de Anivers\u00e1rio\" value=\"\" type=\"text\" name=\"TipoFesta\" \/><\/span><\/label>\n<\/p>\n<p><label>Data da Festa<br \/>\n<span class=\"wpcf7-form-control-wrap\" data-name=\"DataFesta\"><input size=\"40\" maxlength=\"400\" class=\"wpcf7-form-control wpcf7-text wpcf7-validates-as-required\" aria-required=\"true\" aria-invalid=\"false\" placeholder=\"Ex: 13 Fevereiro 2025\" value=\"\" type=\"text\" name=\"DataFesta\" \/><\/span><\/label>\n<\/p>\n<p><label>Hora de In\u00edcio da Festa<br \/>\n<span class=\"wpcf7-form-control-wrap\" data-name=\"HoraFesta\"><input size=\"40\" maxlength=\"400\" class=\"wpcf7-form-control wpcf7-text wpcf7-validates-as-required\" aria-required=\"true\" aria-invalid=\"false\" placeholder=\"Ex: 14h00\" value=\"\" type=\"text\" name=\"HoraFesta\" \/><\/span><\/label>\n<\/p>\n<p><label>Hora de In\u00edcio do Espet\u00e1culo<br \/>\n<span class=\"wpcf7-form-control-wrap\" data-name=\"HoraEspetaculo\"><input size=\"40\" maxlength=\"400\" class=\"wpcf7-form-control wpcf7-text wpcf7-validates-as-required\" aria-required=\"true\" aria-invalid=\"false\" placeholder=\"Ex: 15h00\" value=\"\" type=\"text\" name=\"HoraEspetaculo\" \/><\/span><\/label>\n<\/p>\n<p><label>N\u00ba aproximado de crian\u00e7as<br \/>\n<span class=\"wpcf7-form-control-wrap\" data-name=\"Criancas\"><input size=\"40\" maxlength=\"400\" class=\"wpcf7-form-control wpcf7-text wpcf7-validates-as-required\" aria-required=\"true\" aria-invalid=\"false\" placeholder=\"Ex: 20-25 crian\u00e7as\" value=\"\" type=\"text\" name=\"Criancas\" \/><\/span><\/label>\n<\/p>\n<p><label>N\u00ba aproximado de adultos<br \/>\n<span class=\"wpcf7-form-control-wrap\" data-name=\"Adultos\"><input size=\"40\" maxlength=\"400\" class=\"wpcf7-form-control wpcf7-text wpcf7-validates-as-required\" aria-required=\"true\" aria-invalid=\"false\" placeholder=\"Ex: 10-15 adultos\" value=\"\" type=\"text\" name=\"Adultos\" \/><\/span><\/label>\n<\/p>\n<p><label>Faixa et\u00e1ria das crian\u00e7as<br \/>\n<span class=\"wpcf7-form-control-wrap\" data-name=\"FaixaEtaria\"><input size=\"40\" maxlength=\"400\" class=\"wpcf7-form-control wpcf7-text wpcf7-validates-as-required\" aria-required=\"true\" aria-invalid=\"false\" placeholder=\"Ex: 3 aos 6 anos\" value=\"\" type=\"text\" name=\"FaixaEtaria\" \/><\/span><\/label>\n<\/p>\n<p><label>Contacto telef\u00f3nico<br \/>\n<span class=\"wpcf7-form-control-wrap\" data-name=\"Telefone\"><input size=\"40\" maxlength=\"400\" class=\"wpcf7-form-control wpcf7-tel wpcf7-validates-as-required wpcf7-text wpcf7-validates-as-tel\" aria-required=\"true\" aria-invalid=\"false\" placeholder=\"Ex: 912345678\" value=\"\" type=\"tel\" name=\"Telefone\" \/><\/span><\/label>\n<\/p>\n<p><label>Morada Completa da festa<br \/>\n<span class=\"wpcf7-form-control-wrap\" data-name=\"Morada\"><input size=\"40\" maxlength=\"400\" class=\"wpcf7-form-control wpcf7-text wpcf7-validates-as-required\" aria-required=\"true\" aria-invalid=\"false\" placeholder=\"Ex: Rua das Flores, 123\" value=\"\" type=\"text\" name=\"Morada\" \/><\/span><\/label>\n<\/p>\n<p><label>Localidade<br \/>\n<span class=\"wpcf7-form-control-wrap\" data-name=\"Localidade\"><input size=\"40\" maxlength=\"400\" class=\"wpcf7-form-control wpcf7-text wpcf7-validates-as-required\" aria-required=\"true\" aria-invalid=\"false\" placeholder=\"Ex: Porto\" value=\"\" type=\"text\" name=\"Localidade\" \/><\/span><\/label>\n<\/p>\n<p><label>Detalhes adicionais<br \/>\n<span class=\"wpcf7-form-control-wrap\" data-name=\"Detalhes\"><textarea cols=\"40\" rows=\"10\" maxlength=\"2000\" class=\"wpcf7-form-control wpcf7-textarea\" aria-invalid=\"false\" name=\"Detalhes\"><\/textarea><\/span><\/label>\n<\/p>\n<p><input class=\"wpcf7-form-control wpcf7-submit has-spinner\" type=\"submit\" value=\"Pedir Or\u00e7amento\" \/>\n<\/p><div class=\"wpcf7-response-output\" aria-hidden=\"true\"><\/div>\n<\/form>\n<\/div>\n\t\t\t<\/div>\n\n\t\t\t\t\t\t\t<\/div>\n\t\t\t\t<\/div>\n\t\t\t\t\t<\/div>\n\t\t<\/div>\n\t\t\t\t\t<\/div>\n\t\t<\/section>\n\t\t\t\t<\/div>\n\t\t","protected":false},"excerpt":{"rendered":"<p>+30 mil crian\u00e7as j\u00e1 viram os espet\u00e1culos do M\u00e1gico Duarte Pe\u00e7a um Or\u00e7amento O espetaculo de magia do M\u00e1gico Duarte far\u00e1 a sua festa inesquecivel. Nome E-mail para envio do or\u00e7amento Tipo de Festa Data da Festa Hora de In\u00edcio da Festa Hora de In\u00edcio do Espet\u00e1culo N\u00ba aproximado de crian\u00e7as N\u00ba aproximado de adultos [&hellip;]<\/p>\n","protected":false},"author":1,"featured_media":0,"parent":0,"menu_order":0,"comment_status":"closed","ping_status":"closed","template":"elementor_canvas","meta":{"footnotes":""},"class_list":["post-158","page","type-page","status-publish","hentry"],"_links":{"self":[{"href":"http:\/\/magicoduarte.com\/index.php\/wp-json\/wp\/v2\/pages\/158","targetHints":{"allow":["GET"]}}],"collection":[{"href":"http:\/\/magicoduarte.com\/index.php\/wp-json\/wp\/v2\/pages"}],"about":[{"href":"http:\/\/magicoduarte.com\/index.php\/wp-json\/wp\/v2\/types\/page"}],"author":[{"embeddable":true,"href":"http:\/\/magicoduarte.com\/index.php\/wp-json\/wp\/v2\/users\/1"}],"replies":[{"embeddable":true,"href":"http:\/\/magicoduarte.com\/index.php\/wp-json\/wp\/v2\/comments?post=158"}],"version-history":[{"count":15,"href":"http:\/\/magicoduarte.com\/index.php\/wp-json\/wp\/v2\/pages\/158\/revisions"}],"predecessor-version":[{"id":1319,"href":"http:\/\/magicoduarte.com\/index.php\/wp-json\/wp\/v2\/pages\/158\/revisions\/1319"}],"wp:attachment":[{"href":"http:\/\/magicoduarte.com\/index.php\/wp-json\/wp\/v2\/media?parent=158"}],"curies":[{"name":"wp","href":"https:\/\/api.w.org\/{rel}","templated":true}]}}